{"id":16,"date":"2023-04-04T18:17:18","date_gmt":"2023-04-04T18:17:18","guid":{"rendered":"https:\/\/popperscoolers.com\/?page_id=16"},"modified":"2024-08-27T00:35:51","modified_gmt":"2024-08-27T00:35:51","slug":"poppers-coolers","status":"publish","type":"page","link":"https:\/\/popperscoolers.com\/fr\/","title":{"rendered":"Accueil"},"content":{"rendered":"","protected":false},"excerpt":{"rendered":"","protected":false},"author":1,"featured_media":1602,"parent":0,"menu_order":0,"comment_status":"closed","ping_status":"closed","template":"","meta":{"footnotes":""},"class_list":["post-16","page","type-page","status-publish","has-post-thumbnail","hentry"],"yoast_head":"<!-- This site is optimized with the Yoast SEO plugin v27.2 - https:\/\/yoast.com\/product\/yoast-seo-wordpress\/ -->\n<title>Un Party sans Poppers Coolers ?<\/title>\n<meta name=\"description\" content=\"Un party n\u2019est pas un party sans poppers ! Coolers color\u00e9s, fruit\u00e9s pis bien qu\u00e9b\u00e9cois.\" \/>\n<meta name=\"robots\" content=\"index, follow, max-snippet:-1, max-image-preview:large, max-video-preview:-1\" \/>\n<link rel=\"canonical\" href=\"https:\/\/popperscoolers.com\/fr\/\" \/>\n<meta property=\"og:locale\" content=\"fr_CA\" \/>\n<meta property=\"og:type\" content=\"article\" \/>\n<meta property=\"og:title\" content=\"Un Party sans Poppers Coolers ?\" \/>\n<meta property=\"og:description\" content=\"Un party n\u2019est pas un party sans poppers ! Coolers color\u00e9s, fruit\u00e9s pis bien qu\u00e9b\u00e9cois.\" \/>\n<meta property=\"og:url\" content=\"https:\/\/popperscoolers.com\/fr\/\" \/>\n<meta property=\"og:site_name\" content=\"Poppers\" \/>\n<meta property=\"article:publisher\" content=\"https:\/\/www.facebook.com\/popperscoolers\" \/>\n<meta property=\"article:modified_time\" content=\"2024-08-27T00:35:51+00:00\" \/>\n<meta property=\"og:image\" content=\"https:\/\/popperscoolers.com\/wp-content\/uploads\/2024\/08\/Rectangle-162.jpg\" \/>\n\t<meta property=\"og:image:width\" content=\"1920\" \/>\n\t<meta property=\"og:image:height\" content=\"1068\" \/>\n\t<meta property=\"og:image:type\" content=\"image\/jpeg\" \/>\n<meta name=\"twitter:card\" content=\"summary_large_image\" \/>\n<meta name=\"twitter:label1\" content=\"Estimation du temps de lecture\" \/>\n\t<meta name=\"twitter:data1\" content=\"1 minute\" \/>\n<script type=\"application\/ld+json\" class=\"yoast-schema-graph\">{\"@context\":\"https:\/\/schema.org\",\"@graph\":[{\"@type\":\"WebPage\",\"@id\":\"https:\/\/popperscoolers.com\/\",\"url\":\"https:\/\/popperscoolers.com\/\",\"name\":\"Un Party sans Poppers Coolers ?\",\"isPartOf\":{\"@id\":\"https:\/\/popperscoolers.com\/#website\"},\"primaryImageOfPage\":{\"@id\":\"https:\/\/popperscoolers.com\/#primaryimage\"},\"image\":{\"@id\":\"https:\/\/popperscoolers.com\/#primaryimage\"},\"thumbnailUrl\":\"https:\/\/popperscoolers.com\/wp-content\/uploads\/2024\/08\/Rectangle-162.jpg\",\"datePublished\":\"2023-04-04T18:17:18+00:00\",\"dateModified\":\"2024-08-27T00:35:51+00:00\",\"description\":\"Un party n\u2019est pas un party sans poppers ! Coolers color\u00e9s, fruit\u00e9s pis bien qu\u00e9b\u00e9cois.\",\"breadcrumb\":{\"@id\":\"https:\/\/popperscoolers.com\/#breadcrumb\"},\"inLanguage\":\"fr-CA\",\"potentialAction\":[{\"@type\":\"ReadAction\",\"target\":[\"https:\/\/popperscoolers.com\/\"]}]},{\"@type\":\"ImageObject\",\"inLanguage\":\"fr-CA\",\"@id\":\"https:\/\/popperscoolers.com\/#primaryimage\",\"url\":\"https:\/\/popperscoolers.com\/wp-content\/uploads\/2024\/08\/Rectangle-162.jpg\",\"contentUrl\":\"https:\/\/popperscoolers.com\/wp-content\/uploads\/2024\/08\/Rectangle-162.jpg\",\"width\":1920,\"height\":1068},{\"@type\":\"BreadcrumbList\",\"@id\":\"https:\/\/popperscoolers.com\/#breadcrumb\",\"itemListElement\":[{\"@type\":\"ListItem\",\"position\":1,\"name\":\"Accueil\",\"item\":\"https:\/\/popperscoolers.com\/\"},{\"@type\":\"ListItem\",\"position\":2,\"name\":\"Accueil\"}]},{\"@type\":\"WebSite\",\"@id\":\"https:\/\/popperscoolers.com\/#website\",\"url\":\"https:\/\/popperscoolers.com\/\",\"name\":\"Poppers\",\"description\":\"Un party n&#039;est pas un party sans Poppers!\",\"publisher\":{\"@id\":\"https:\/\/popperscoolers.com\/#organization\"},\"potentialAction\":[{\"@type\":\"SearchAction\",\"target\":{\"@type\":\"EntryPoint\",\"urlTemplate\":\"https:\/\/popperscoolers.com\/?s={search_term_string}\"},\"query-input\":{\"@type\":\"PropertyValueSpecification\",\"valueRequired\":true,\"valueName\":\"search_term_string\"}}],\"inLanguage\":\"fr-CA\"},{\"@type\":\"Organization\",\"@id\":\"https:\/\/popperscoolers.com\/#organization\",\"name\":\"Poppers\",\"url\":\"https:\/\/popperscoolers.com\/\",\"logo\":{\"@type\":\"ImageObject\",\"inLanguage\":\"fr-CA\",\"@id\":\"https:\/\/popperscoolers.com\/#\/schema\/logo\/image\/\",\"url\":\"https:\/\/popperscoolers.com\/wp-content\/uploads\/2023\/04\/logo_poppers.png\",\"contentUrl\":\"https:\/\/popperscoolers.com\/wp-content\/uploads\/2023\/04\/logo_poppers.png\",\"width\":398,\"height\":106,\"caption\":\"Poppers\"},\"image\":{\"@id\":\"https:\/\/popperscoolers.com\/#\/schema\/logo\/image\/\"},\"sameAs\":[\"https:\/\/www.facebook.com\/popperscoolers\",\"https:\/\/www.instagram.com\/popperscoolers\/\"]}]}<\/script>\n<!-- \/ Yoast SEO plugin. -->","yoast_head_json":{"title":"Un Party sans Poppers Coolers ?","description":"Un party n\u2019est pas un party sans poppers ! Coolers color\u00e9s, fruit\u00e9s pis bien qu\u00e9b\u00e9cois.","robots":{"index":"index","follow":"follow","max-snippet":"max-snippet:-1","max-image-preview":"max-image-preview:large","max-video-preview":"max-video-preview:-1"},"canonical":"https:\/\/popperscoolers.com\/fr\/","og_locale":"fr_CA","og_type":"article","og_title":"Un Party sans Poppers Coolers ?","og_description":"Un party n\u2019est pas un party sans poppers ! Coolers color\u00e9s, fruit\u00e9s pis bien qu\u00e9b\u00e9cois.","og_url":"https:\/\/popperscoolers.com\/fr\/","og_site_name":"Poppers","article_publisher":"https:\/\/www.facebook.com\/popperscoolers","article_modified_time":"2024-08-27T00:35:51+00:00","og_image":[{"width":1920,"height":1068,"url":"https:\/\/popperscoolers.com\/wp-content\/uploads\/2024\/08\/Rectangle-162.jpg","type":"image\/jpeg"}],"twitter_card":"summary_large_image","twitter_misc":{"Estimation du temps de lecture":"1 minute"},"schema":{"@context":"https:\/\/schema.org","@graph":[{"@type":"WebPage","@id":"https:\/\/popperscoolers.com\/","url":"https:\/\/popperscoolers.com\/","name":"Un Party sans Poppers Coolers ?","isPartOf":{"@id":"https:\/\/popperscoolers.com\/#website"},"primaryImageOfPage":{"@id":"https:\/\/popperscoolers.com\/#primaryimage"},"image":{"@id":"https:\/\/popperscoolers.com\/#primaryimage"},"thumbnailUrl":"https:\/\/popperscoolers.com\/wp-content\/uploads\/2024\/08\/Rectangle-162.jpg","datePublished":"2023-04-04T18:17:18+00:00","dateModified":"2024-08-27T00:35:51+00:00","description":"Un party n\u2019est pas un party sans poppers ! Coolers color\u00e9s, fruit\u00e9s pis bien qu\u00e9b\u00e9cois.","breadcrumb":{"@id":"https:\/\/popperscoolers.com\/#breadcrumb"},"inLanguage":"fr-CA","potentialAction":[{"@type":"ReadAction","target":["https:\/\/popperscoolers.com\/"]}]},{"@type":"ImageObject","inLanguage":"fr-CA","@id":"https:\/\/popperscoolers.com\/#primaryimage","url":"https:\/\/popperscoolers.com\/wp-content\/uploads\/2024\/08\/Rectangle-162.jpg","contentUrl":"https:\/\/popperscoolers.com\/wp-content\/uploads\/2024\/08\/Rectangle-162.jpg","width":1920,"height":1068},{"@type":"BreadcrumbList","@id":"https:\/\/popperscoolers.com\/#breadcrumb","itemListElement":[{"@type":"ListItem","position":1,"name":"Accueil","item":"https:\/\/popperscoolers.com\/"},{"@type":"ListItem","position":2,"name":"Accueil"}]},{"@type":"WebSite","@id":"https:\/\/popperscoolers.com\/#website","url":"https:\/\/popperscoolers.com\/","name":"Poppers","description":"Un party n&#039;est pas un party sans Poppers!","publisher":{"@id":"https:\/\/popperscoolers.com\/#organization"},"potentialAction":[{"@type":"SearchAction","target":{"@type":"EntryPoint","urlTemplate":"https:\/\/popperscoolers.com\/?s={search_term_string}"},"query-input":{"@type":"PropertyValueSpecification","valueRequired":true,"valueName":"search_term_string"}}],"inLanguage":"fr-CA"},{"@type":"Organization","@id":"https:\/\/popperscoolers.com\/#organization","name":"Poppers","url":"https:\/\/popperscoolers.com\/","logo":{"@type":"ImageObject","inLanguage":"fr-CA","@id":"https:\/\/popperscoolers.com\/#\/schema\/logo\/image\/","url":"https:\/\/popperscoolers.com\/wp-content\/uploads\/2023\/04\/logo_poppers.png","contentUrl":"https:\/\/popperscoolers.com\/wp-content\/uploads\/2023\/04\/logo_poppers.png","width":398,"height":106,"caption":"Poppers"},"image":{"@id":"https:\/\/popperscoolers.com\/#\/schema\/logo\/image\/"},"sameAs":["https:\/\/www.facebook.com\/popperscoolers","https:\/\/www.instagram.com\/popperscoolers\/"]}]}},"_links":{"self":[{"href":"https:\/\/popperscoolers.com\/fr\/wp-json\/wp\/v2\/pages\/16","targetHints":{"allow":["GET"]}}],"collection":[{"href":"https:\/\/popperscoolers.com\/fr\/wp-json\/wp\/v2\/pages"}],"about":[{"href":"https:\/\/popperscoolers.com\/fr\/wp-json\/wp\/v2\/types\/page"}],"author":[{"embeddable":true,"href":"https:\/\/popperscoolers.com\/fr\/wp-json\/wp\/v2\/users\/1"}],"replies":[{"embeddable":true,"href":"https:\/\/popperscoolers.com\/fr\/wp-json\/wp\/v2\/comments?post=16"}],"version-history":[{"count":2,"href":"https:\/\/popperscoolers.com\/fr\/wp-json\/wp\/v2\/pages\/16\/revisions"}],"predecessor-version":[{"id":565,"href":"https:\/\/popperscoolers.com\/fr\/wp-json\/wp\/v2\/pages\/16\/revisions\/565"}],"wp:featuredmedia":[{"embeddable":true,"href":"https:\/\/popperscoolers.com\/fr\/wp-json\/wp\/v2\/media\/1602"}],"wp:attachment":[{"href":"https:\/\/popperscoolers.com\/fr\/wp-json\/wp\/v2\/media?parent=16"}],"curies":[{"name":"wp","href":"https:\/\/api.w.org\/{rel}","templated":true}]}}